{"id":6228,"date":"2024-12-22T07:42:50","date_gmt":"2024-12-22T07:42:50","guid":{"rendered":"https:\/\/www.ashtanginomad.com\/?post_type=product&#038;p=6228"},"modified":"2025-01-05T18:26:26","modified_gmt":"2025-01-05T18:26:26","slug":"manifest-flow","status":"publish","type":"product","link":"https:\/\/www.ashtanginomad.com\/en\/produit\/manifest-flow\/","title":{"rendered":"Manifest &#038; Flow"},"content":{"rendered":"<p>[et_pb_section fb_built=&#8221;1&#8243; _builder_version=&#8221;4.16&#8243; custom_padding=&#8221;0px||||false|false&#8221; global_colors_info=&#8221;{}&#8221;][et_pb_row _builder_version=&#8221;4.16&#8243; background_size=&#8221;initial&#8221; background_position=&#8221;top_left&#8221; background_repeat=&#8221;repeat&#8221; width=&#8221;100%&#8221; custom_padding=&#8221;0px||0px||false|false&#8221; global_colors_info=&#8221;{}&#8221;][et_pb_column type=&#8221;4_4&#8243; _builder_version=&#8221;4.16&#8243; custom_padding=&#8221;|||&#8221; global_colors_info=&#8221;{}&#8221; custom_padding__hover=&#8221;|||&#8221;][et_pb_wc_breadcrumb _builder_version=&#8221;4.16&#8243; global_colors_info=&#8221;{}&#8221;][\/et_pb_wc_breadcrumb][et_pb_wc_cart_notice _builder_version=&#8221;4.16&#8243; global_colors_info=&#8221;{}&#8221;][\/et_pb_wc_cart_notice][\/et_pb_column][\/et_pb_row][et_pb_row column_structure=&#8221;1_2,1_2&#8243; _builder_version=&#8221;4.16&#8243; background_size=&#8221;initial&#8221; background_position=&#8221;top_left&#8221; background_repeat=&#8221;repeat&#8221; width=&#8221;100%&#8221; custom_padding=&#8221;0px||||false|false&#8221; global_colors_info=&#8221;{}&#8221;][et_pb_column type=&#8221;1_2&#8243; _builder_version=&#8221;4.16&#8243; custom_padding=&#8221;|||&#8221; global_colors_info=&#8221;{}&#8221; custom_padding__hover=&#8221;|||&#8221;][et_pb_image src=&#8221;https:\/\/www.ashtanginomad.com\/wp-content\/uploads\/2024\/12\/ManifestandFlow.jpg&#8221; alt=&#8221;Atelier Manifest &amp; Flow&#8221; title_text=&#8221;ManifestandFlow&#8221; _builder_version=&#8221;4.27.4&#8243; _module_preset=&#8221;default&#8221; global_colors_info=&#8221;{}&#8221;][\/et_pb_image][\/et_pb_column][et_pb_column type=&#8221;1_2&#8243; _builder_version=&#8221;4.16&#8243; custom_padding=&#8221;|||&#8221; global_colors_info=&#8221;{}&#8221; custom_padding__hover=&#8221;|||&#8221;][et_pb_wc_title _builder_version=&#8221;4.16&#8243; global_colors_info=&#8221;{}&#8221;][\/et_pb_wc_title][et_pb_wc_rating _builder_version=&#8221;4.16&#8243; global_colors_info=&#8221;{}&#8221;][\/et_pb_wc_rating][et_pb_wc_price _builder_version=&#8221;4.16&#8243; global_colors_info=&#8221;{}&#8221;][\/et_pb_wc_price][et_pb_wc_description _builder_version=&#8221;4.16&#8243; global_colors_info=&#8221;{}&#8221;][\/et_pb_wc_description][et_pb_wc_add_to_cart _builder_version=&#8221;4.27.4&#8243; border_style_all=&#8221;none&#8221; global_colors_info=&#8221;{}&#8221;][\/et_pb_wc_add_to_cart][et_pb_wc_meta _builder_version=&#8221;4.16&#8243; global_colors_info=&#8221;{}&#8221;][\/et_pb_wc_meta][\/et_pb_column][\/et_pb_row][et_pb_row _builder_version=&#8221;4.16&#8243; background_size=&#8221;initial&#8221; background_position=&#8221;top_left&#8221; background_repeat=&#8221;repeat&#8221; width=&#8221;100%&#8221; global_colors_info=&#8221;{}&#8221;][et_pb_column type=&#8221;4_4&#8243; _builder_version=&#8221;4.16&#8243; custom_padding=&#8221;|||&#8221; global_colors_info=&#8221;{}&#8221; custom_padding__hover=&#8221;|||&#8221;][et_pb_wc_tabs _builder_version=&#8221;4.27.4&#8243; global_colors_info=&#8221;{}&#8221;] [\/et_pb_wc_tabs][et_pb_wc_upsells _builder_version=&#8221;4.16&#8243; global_colors_info=&#8221;{}&#8221;][\/et_pb_wc_upsells][et_pb_wc_related_products _builder_version=&#8221;4.16&#8243; global_colors_info=&#8221;{}&#8221;][\/et_pb_wc_related_products][\/et_pb_column][\/et_pb_row][\/et_pb_section]<\/p>\n","protected":false},"excerpt":{"rendered":"<p>\u2728 Manifest &amp; Flow\u2728 Commencez l\u2019ann\u00e9e avec clart\u00e9 et intention ! \ud83c\udf1f Rejoignez-nous pour un voyage inspirant alliant mouvement et manifestation. Cet atelier d&#8217;Ashtanga &amp; Vision Board est l\u2019occasion id\u00e9ale d\u2019harmoniser votre corps, votre esprit et vos aspirations tout en posant les bases d\u2019une ann\u00e9e 2025 transformative. Gr\u00e2ce au yoga et \u00e0 la cr\u00e9ation d\u2019un tableau de visualisation, pr\u00e9parez-vous \u00e0 une ann\u00e9e align\u00e9e et pleine de confiance. \ud83e\uddd8\u200d\u2640\ufe0f\u2728 \ud83d\udccd Lieu : Un Pas Vers Soi \ud83d\uddd3\ufe0f Date : 18 janvier 2025 \u23f0 Horaire : 13h00 &#8211; 17h00 Donnez le ton \u00e0 votre meilleure ann\u00e9e\u2014r\u00e9servez votre place d\u00e8s aujourd&#8217;hui ! \ud83d\udc9c #ManifestezEt\u00c9panouissez #AtelierVisionBoard #D\u00e9but2025<\/p>\n","protected":false},"featured_media":6200,"comment_status":"open","ping_status":"closed","template":"","meta":{"_acf_changed":false,"_et_pb_use_builder":"on","_et_pb_old_content":"<p>[et_pb_section fb_built=\"1\" _builder_version=\"4.16\" custom_padding=\"0px||||false|false\" global_colors_info=\"{}\"][et_pb_row _builder_version=\"4.16\" background_size=\"initial\" background_position=\"top_left\" background_repeat=\"repeat\" width=\"100%\" custom_padding=\"0px||0px||false|false\" global_colors_info=\"{}\"][et_pb_column type=\"4_4\" _builder_version=\"4.16\" custom_padding=\"|||\" global_colors_info=\"{}\" custom_padding__hover=\"|||\"][et_pb_wc_breadcrumb _builder_version=\"4.16\" global_colors_info=\"{}\"][\/et_pb_wc_breadcrumb][et_pb_wc_cart_notice _builder_version=\"4.16\" global_colors_info=\"{}\"][\/et_pb_wc_cart_notice][\/et_pb_column][\/et_pb_row][et_pb_row column_structure=\"1_2,1_2\" _builder_version=\"4.16\" background_size=\"initial\" background_position=\"top_left\" background_repeat=\"repeat\" width=\"100%\" custom_padding=\"0px||||false|false\" global_colors_info=\"{}\"][et_pb_column type=\"1_2\" _builder_version=\"4.16\" custom_padding=\"|||\" global_colors_info=\"{}\" custom_padding__hover=\"|||\"][et_pb_image src=\"https:\/\/www.ashtanginomad.com\/wp-content\/uploads\/2024\/12\/ManifestandFlow.jpg\" alt=\"Atelier Manifest &amp; Flow\" title_text=\"ManifestandFlow\" _builder_version=\"4.27.4\" _module_preset=\"default\" global_colors_info=\"{}\"][\/et_pb_image][\/et_pb_column][et_pb_column type=\"1_2\" _builder_version=\"4.16\" custom_padding=\"|||\" global_colors_info=\"{}\" custom_padding__hover=\"|||\"][et_pb_wc_title _builder_version=\"4.16\" global_colors_info=\"{}\"][\/et_pb_wc_title][et_pb_wc_rating _builder_version=\"4.16\" global_colors_info=\"{}\"][\/et_pb_wc_rating][et_pb_wc_price _builder_version=\"4.16\" global_colors_info=\"{}\"][\/et_pb_wc_price][et_pb_wc_description _builder_version=\"4.16\" global_colors_info=\"{}\"][\/et_pb_wc_description][et_pb_wc_add_to_cart _builder_version=\"4.27.4\" border_style_all=\"none\" global_colors_info=\"{}\"][\/et_pb_wc_add_to_cart][et_pb_wc_meta _builder_version=\"4.16\" global_colors_info=\"{}\"][\/et_pb_wc_meta][\/et_pb_column][\/et_pb_row][et_pb_row _builder_version=\"4.16\" background_size=\"initial\" background_position=\"top_left\" background_repeat=\"repeat\" width=\"100%\" global_colors_info=\"{}\"][et_pb_column type=\"4_4\" _builder_version=\"4.16\" custom_padding=\"|||\" global_colors_info=\"{}\" custom_padding__hover=\"|||\"][et_pb_wc_tabs _builder_version=\"4.27.4\" global_colors_info=\"{}\"] [\/et_pb_wc_tabs][et_pb_wc_upsells _builder_version=\"4.16\" global_colors_info=\"{}\"][\/et_pb_wc_upsells][et_pb_wc_related_products _builder_version=\"4.16\" global_colors_info=\"{}\"][\/et_pb_wc_related_products][\/et_pb_column][\/et_pb_row][\/et_pb_section]<\/p>","_et_gb_content_width":""},"product_brand":[],"product_cat":[264,266,267,265,268],"product_tag":[269,270,271,272],"class_list":{"0":"post-6228","1":"product","2":"type-product","3":"status-publish","4":"has-post-thumbnail","6":"product_cat-ashtanga-en","7":"product_cat-mindfulness-en","8":"product_cat-visionboard-en","9":"product_cat-workshop","10":"product_cat-yoga-en","11":"product_tag-ashtanga-en","12":"product_tag-mindfulness-en","13":"product_tag-vision-board-en","14":"product_tag-yoga-en","16":"first","17":"outofstock","18":"taxable","19":"shipping-taxable","20":"purchasable","21":"product-type-simple"},"acf":[],"yoast_head":"<!-- This site is optimized with the Yoast SEO plugin v27.4 - https:\/\/yoast.com\/product\/yoast-seo-wordpress\/ -->\n<title>Manifest &amp; Flow | Ashtangi Nomad<\/title>\n<meta name=\"robots\" content=\"index, follow, max-snippet:-1, max-image-preview:large, max-video-preview:-1\" \/>\n<link rel=\"canonical\" href=\"https:\/\/www.ashtanginomad.com\/en\/produit\/manifest-flow\/\" \/>\n<meta property=\"og:locale\" content=\"en_US\" \/>\n<meta property=\"og:type\" content=\"article\" \/>\n<meta property=\"og:title\" content=\"Manifest &amp; Flow | Ashtangi Nomad\" \/>\n<meta property=\"og:description\" content=\"\u2728 Manifest &amp; Flow\u2728 Commencez l\u2019ann\u00e9e avec clart\u00e9 et intention ! \ud83c\udf1f Rejoignez-nous pour un voyage inspirant alliant mouvement et manifestation. Cet atelier d&#039;Ashtanga &amp; Vision Board est l\u2019occasion id\u00e9ale d\u2019harmoniser votre corps, votre esprit et vos aspirations tout en posant les bases d\u2019une ann\u00e9e 2025 transformative. Gr\u00e2ce au yoga et \u00e0 la cr\u00e9ation d\u2019un tableau de visualisation, pr\u00e9parez-vous \u00e0 une ann\u00e9e align\u00e9e et pleine de confiance. \ud83e\uddd8\u200d\u2640\ufe0f\u2728 \ud83d\udccd Lieu : Un Pas Vers Soi \ud83d\uddd3\ufe0f Date : 18 janvier 2025 \u23f0 Horaire : 13h00 - 17h00 Donnez le ton \u00e0 votre meilleure ann\u00e9e\u2014r\u00e9servez votre place d\u00e8s aujourd&#039;hui ! \ud83d\udc9c #ManifestezEt\u00c9panouissez #AtelierVisionBoard #D\u00e9but2025\" \/>\n<meta property=\"og:url\" content=\"https:\/\/www.ashtanginomad.com\/en\/produit\/manifest-flow\/\" \/>\n<meta property=\"og:site_name\" content=\"Ashtangi Nomad\" \/>\n<meta property=\"article:publisher\" content=\"https:\/\/www.facebook.com\/Ashtanginomad\" \/>\n<meta property=\"article:modified_time\" content=\"2025-01-05T18:26:26+00:00\" \/>\n<meta property=\"og:image\" content=\"https:\/\/www.ashtanginomad.com\/wp-content\/uploads\/2024\/12\/ManifestandFlow.jpg\" \/>\n\t<meta property=\"og:image:width\" content=\"1080\" \/>\n\t<meta property=\"og:image:height\" content=\"1080\" \/>\n\t<meta property=\"og:image:type\" content=\"image\/jpeg\" \/>\n<meta name=\"twitter:card\" content=\"summary_large_image\" \/>\n<meta name=\"twitter:label1\" content=\"Est. reading time\" \/>\n\t<meta name=\"twitter:data1\" content=\"1 minute\" \/>\n<script type=\"application\/ld+json\" class=\"yoast-schema-graph\">{\"@context\":\"https:\\\/\\\/schema.org\",\"@graph\":[{\"@type\":\"WebPage\",\"@id\":\"https:\\\/\\\/www.ashtanginomad.com\\\/en\\\/produit\\\/manifest-flow\\\/\",\"url\":\"https:\\\/\\\/www.ashtanginomad.com\\\/en\\\/produit\\\/manifest-flow\\\/\",\"name\":\"Manifest & Flow | Ashtangi Nomad\",\"isPartOf\":{\"@id\":\"https:\\\/\\\/www.ashtanginomad.com\\\/en\\\/#website\"},\"primaryImageOfPage\":{\"@id\":\"https:\\\/\\\/www.ashtanginomad.com\\\/en\\\/produit\\\/manifest-flow\\\/#primaryimage\"},\"image\":{\"@id\":\"https:\\\/\\\/www.ashtanginomad.com\\\/en\\\/produit\\\/manifest-flow\\\/#primaryimage\"},\"thumbnailUrl\":\"https:\\\/\\\/www.ashtanginomad.com\\\/wp-content\\\/uploads\\\/2024\\\/12\\\/ManifestandFlow.jpg\",\"datePublished\":\"2024-12-22T07:42:50+00:00\",\"dateModified\":\"2025-01-05T18:26:26+00:00\",\"breadcrumb\":{\"@id\":\"https:\\\/\\\/www.ashtanginomad.com\\\/en\\\/produit\\\/manifest-flow\\\/#breadcrumb\"},\"inLanguage\":\"en-US\",\"potentialAction\":[{\"@type\":\"ReadAction\",\"target\":[\"https:\\\/\\\/www.ashtanginomad.com\\\/en\\\/produit\\\/manifest-flow\\\/\"]}]},{\"@type\":\"ImageObject\",\"inLanguage\":\"en-US\",\"@id\":\"https:\\\/\\\/www.ashtanginomad.com\\\/en\\\/produit\\\/manifest-flow\\\/#primaryimage\",\"url\":\"https:\\\/\\\/www.ashtanginomad.com\\\/wp-content\\\/uploads\\\/2024\\\/12\\\/ManifestandFlow.jpg\",\"contentUrl\":\"https:\\\/\\\/www.ashtanginomad.com\\\/wp-content\\\/uploads\\\/2024\\\/12\\\/ManifestandFlow.jpg\",\"width\":1080,\"height\":1080,\"caption\":\"Atelier Manifest & Flow\"},{\"@type\":\"BreadcrumbList\",\"@id\":\"https:\\\/\\\/www.ashtanginomad.com\\\/en\\\/produit\\\/manifest-flow\\\/#breadcrumb\",\"itemListElement\":[{\"@type\":\"ListItem\",\"position\":1,\"name\":\"Accueil\",\"item\":\"https:\\\/\\\/www.ashtanginomad.com\\\/en\\\/\"},{\"@type\":\"ListItem\",\"position\":2,\"name\":\"Shop\",\"item\":\"https:\\\/\\\/www.ashtanginomad.com\\\/en\\\/shop\\\/\"},{\"@type\":\"ListItem\",\"position\":3,\"name\":\"Manifest &#038; Flow\"}]},{\"@type\":\"WebSite\",\"@id\":\"https:\\\/\\\/www.ashtanginomad.com\\\/en\\\/#website\",\"url\":\"https:\\\/\\\/www.ashtanginomad.com\\\/en\\\/\",\"name\":\"Ashtangi Nomad\",\"description\":\"Le bonheur est dans le mouvement\",\"publisher\":{\"@id\":\"https:\\\/\\\/www.ashtanginomad.com\\\/en\\\/#\\\/schema\\\/person\\\/8bf804a60f66ac7383736b7dfd044649\"},\"alternateName\":\"Ashtangi Nomad\",\"potentialAction\":[{\"@type\":\"SearchAction\",\"target\":{\"@type\":\"EntryPoint\",\"urlTemplate\":\"https:\\\/\\\/www.ashtanginomad.com\\\/en\\\/?s={search_term_string}\"},\"query-input\":{\"@type\":\"PropertyValueSpecification\",\"valueRequired\":true,\"valueName\":\"search_term_string\"}}],\"inLanguage\":\"en-US\"},{\"@type\":[\"Person\",\"Organization\"],\"@id\":\"https:\\\/\\\/www.ashtanginomad.com\\\/en\\\/#\\\/schema\\\/person\\\/8bf804a60f66ac7383736b7dfd044649\",\"name\":\"Mylene C.\",\"image\":{\"@type\":\"ImageObject\",\"inLanguage\":\"en-US\",\"@id\":\"https:\\\/\\\/www.ashtanginomad.com\\\/wp-content\\\/uploads\\\/2023\\\/06\\\/PXLMY_Transparent.png\",\"url\":\"https:\\\/\\\/www.ashtanginomad.com\\\/wp-content\\\/uploads\\\/2023\\\/06\\\/PXLMY_Transparent.png\",\"contentUrl\":\"https:\\\/\\\/www.ashtanginomad.com\\\/wp-content\\\/uploads\\\/2023\\\/06\\\/PXLMY_Transparent.png\",\"width\":2000,\"height\":2000,\"caption\":\"Mylene C.\"},\"logo\":{\"@id\":\"https:\\\/\\\/www.ashtanginomad.com\\\/wp-content\\\/uploads\\\/2023\\\/06\\\/PXLMY_Transparent.png\"},\"description\":\"Entrepreneure nomade. Yogini. Hypersensible et perfectionniste.\",\"sameAs\":[\"https:\\\/\\\/www.ashtanginomad.com\",\"https:\\\/\\\/www.facebook.com\\\/Ashtanginomad\",\"https:\\\/\\\/instagram.com\\\/ashtanginomad\"]}]}<\/script>\n<!-- \/ Yoast SEO plugin. -->","yoast_head_json":{"title":"Manifest & Flow | Ashtangi Nomad","robots":{"index":"index","follow":"follow","max-snippet":"max-snippet:-1","max-image-preview":"max-image-preview:large","max-video-preview":"max-video-preview:-1"},"canonical":"https:\/\/www.ashtanginomad.com\/en\/produit\/manifest-flow\/","og_locale":"en_US","og_type":"article","og_title":"Manifest & Flow | Ashtangi Nomad","og_description":"\u2728 Manifest &amp; Flow\u2728 Commencez l\u2019ann\u00e9e avec clart\u00e9 et intention ! \ud83c\udf1f Rejoignez-nous pour un voyage inspirant alliant mouvement et manifestation. Cet atelier d'Ashtanga &amp; Vision Board est l\u2019occasion id\u00e9ale d\u2019harmoniser votre corps, votre esprit et vos aspirations tout en posant les bases d\u2019une ann\u00e9e 2025 transformative. Gr\u00e2ce au yoga et \u00e0 la cr\u00e9ation d\u2019un tableau de visualisation, pr\u00e9parez-vous \u00e0 une ann\u00e9e align\u00e9e et pleine de confiance. \ud83e\uddd8\u200d\u2640\ufe0f\u2728 \ud83d\udccd Lieu : Un Pas Vers Soi \ud83d\uddd3\ufe0f Date : 18 janvier 2025 \u23f0 Horaire : 13h00 - 17h00 Donnez le ton \u00e0 votre meilleure ann\u00e9e\u2014r\u00e9servez votre place d\u00e8s aujourd'hui ! \ud83d\udc9c #ManifestezEt\u00c9panouissez #AtelierVisionBoard #D\u00e9but2025","og_url":"https:\/\/www.ashtanginomad.com\/en\/produit\/manifest-flow\/","og_site_name":"Ashtangi Nomad","article_publisher":"https:\/\/www.facebook.com\/Ashtanginomad","article_modified_time":"2025-01-05T18:26:26+00:00","og_image":[{"width":1080,"height":1080,"url":"https:\/\/www.ashtanginomad.com\/wp-content\/uploads\/2024\/12\/ManifestandFlow.jpg","type":"image\/jpeg"}],"twitter_card":"summary_large_image","twitter_misc":{"Est. reading time":"1 minute"},"schema":{"@context":"https:\/\/schema.org","@graph":[{"@type":"WebPage","@id":"https:\/\/www.ashtanginomad.com\/en\/produit\/manifest-flow\/","url":"https:\/\/www.ashtanginomad.com\/en\/produit\/manifest-flow\/","name":"Manifest & Flow | Ashtangi Nomad","isPartOf":{"@id":"https:\/\/www.ashtanginomad.com\/en\/#website"},"primaryImageOfPage":{"@id":"https:\/\/www.ashtanginomad.com\/en\/produit\/manifest-flow\/#primaryimage"},"image":{"@id":"https:\/\/www.ashtanginomad.com\/en\/produit\/manifest-flow\/#primaryimage"},"thumbnailUrl":"https:\/\/www.ashtanginomad.com\/wp-content\/uploads\/2024\/12\/ManifestandFlow.jpg","datePublished":"2024-12-22T07:42:50+00:00","dateModified":"2025-01-05T18:26:26+00:00","breadcrumb":{"@id":"https:\/\/www.ashtanginomad.com\/en\/produit\/manifest-flow\/#breadcrumb"},"inLanguage":"en-US","potentialAction":[{"@type":"ReadAction","target":["https:\/\/www.ashtanginomad.com\/en\/produit\/manifest-flow\/"]}]},{"@type":"ImageObject","inLanguage":"en-US","@id":"https:\/\/www.ashtanginomad.com\/en\/produit\/manifest-flow\/#primaryimage","url":"https:\/\/www.ashtanginomad.com\/wp-content\/uploads\/2024\/12\/ManifestandFlow.jpg","contentUrl":"https:\/\/www.ashtanginomad.com\/wp-content\/uploads\/2024\/12\/ManifestandFlow.jpg","width":1080,"height":1080,"caption":"Atelier Manifest & Flow"},{"@type":"BreadcrumbList","@id":"https:\/\/www.ashtanginomad.com\/en\/produit\/manifest-flow\/#breadcrumb","itemListElement":[{"@type":"ListItem","position":1,"name":"Accueil","item":"https:\/\/www.ashtanginomad.com\/en\/"},{"@type":"ListItem","position":2,"name":"Shop","item":"https:\/\/www.ashtanginomad.com\/en\/shop\/"},{"@type":"ListItem","position":3,"name":"Manifest &#038; Flow"}]},{"@type":"WebSite","@id":"https:\/\/www.ashtanginomad.com\/en\/#website","url":"https:\/\/www.ashtanginomad.com\/en\/","name":"Ashtangi Nomad","description":"Le bonheur est dans le mouvement","publisher":{"@id":"https:\/\/www.ashtanginomad.com\/en\/#\/schema\/person\/8bf804a60f66ac7383736b7dfd044649"},"alternateName":"Ashtangi Nomad","potentialAction":[{"@type":"SearchAction","target":{"@type":"EntryPoint","urlTemplate":"https:\/\/www.ashtanginomad.com\/en\/?s={search_term_string}"},"query-input":{"@type":"PropertyValueSpecification","valueRequired":true,"valueName":"search_term_string"}}],"inLanguage":"en-US"},{"@type":["Person","Organization"],"@id":"https:\/\/www.ashtanginomad.com\/en\/#\/schema\/person\/8bf804a60f66ac7383736b7dfd044649","name":"Mylene C.","image":{"@type":"ImageObject","inLanguage":"en-US","@id":"https:\/\/www.ashtanginomad.com\/wp-content\/uploads\/2023\/06\/PXLMY_Transparent.png","url":"https:\/\/www.ashtanginomad.com\/wp-content\/uploads\/2023\/06\/PXLMY_Transparent.png","contentUrl":"https:\/\/www.ashtanginomad.com\/wp-content\/uploads\/2023\/06\/PXLMY_Transparent.png","width":2000,"height":2000,"caption":"Mylene C."},"logo":{"@id":"https:\/\/www.ashtanginomad.com\/wp-content\/uploads\/2023\/06\/PXLMY_Transparent.png"},"description":"Entrepreneure nomade. Yogini. Hypersensible et perfectionniste.","sameAs":["https:\/\/www.ashtanginomad.com","https:\/\/www.facebook.com\/Ashtanginomad","https:\/\/instagram.com\/ashtanginomad"]}]}},"jetpack_sharing_enabled":true,"jetpack-related-posts":[],"_links":{"self":[{"href":"https:\/\/www.ashtanginomad.com\/en\/wp-json\/wp\/v2\/product\/6228","targetHints":{"allow":["GET"]}}],"collection":[{"href":"https:\/\/www.ashtanginomad.com\/en\/wp-json\/wp\/v2\/product"}],"about":[{"href":"https:\/\/www.ashtanginomad.com\/en\/wp-json\/wp\/v2\/types\/product"}],"replies":[{"embeddable":true,"href":"https:\/\/www.ashtanginomad.com\/en\/wp-json\/wp\/v2\/comments?post=6228"}],"wp:featuredmedia":[{"embeddable":true,"href":"https:\/\/www.ashtanginomad.com\/en\/wp-json\/wp\/v2\/media\/6200"}],"wp:attachment":[{"href":"https:\/\/www.ashtanginomad.com\/en\/wp-json\/wp\/v2\/media?parent=6228"}],"wp:term":[{"taxonomy":"product_brand","embeddable":true,"href":"https:\/\/www.ashtanginomad.com\/en\/wp-json\/wp\/v2\/product_brand?post=6228"},{"taxonomy":"product_cat","embeddable":true,"href":"https:\/\/www.ashtanginomad.com\/en\/wp-json\/wp\/v2\/product_cat?post=6228"},{"taxonomy":"product_tag","embeddable":true,"href":"https:\/\/www.ashtanginomad.com\/en\/wp-json\/wp\/v2\/product_tag?post=6228"}],"curies":[{"name":"wp","href":"https:\/\/api.w.org\/{rel}","templated":true}]}}